{"id":27,"date":"2015-09-30T08:48:14","date_gmt":"2015-09-30T08:48:14","guid":{"rendered":"http:\/\/www.elabrego.es\/web\/?page_id=27"},"modified":"2020-02-19T20:56:49","modified_gmt":"2020-02-19T20:56:49","slug":"hembras","status":"publish","type":"page","link":"https:\/\/www.elabrego.es\/web\/hembras\/","title":{"rendered":"Hembras"},"content":{"rendered":"<div class=\"csRow\">\n<div class=\"csColumnGap\" style=\"margin: 0px; padding: 0px; float: left; width: 1.56%;\"><img style=\"border: none;\" src=\"http:\/\/www.elabrego.es\/web\/wp-content\/plugins\/advanced-wp-columns\/assets\/js\/plugins\/views\/img\/1x1-pixel.png\" alt=\"\" \/><\/div>\n<\/div>\n<div class=\"csRow\">\n<div class=\"csColumnGap\" style=\"margin: 0px; padding: 0px; float: left; width: 1.56%;\"><img style=\"border: none;\" src=\"http:\/\/www.elabrego.es\/web\/wp-content\/plugins\/advanced-wp-columns\/assets\/js\/plugins\/views\/img\/1x1-pixel.png\" alt=\"\" \/><\/div>\n<table>\n<tbody>\n<tr>\n<td style=\"text-align: center;\">\n<h4 class=\"csColumn\" data-csstartpoint=\"15\" data-csendpoint=\"472.5\" data-cswidth=\"47.7%\" data-csid=\"ea161c79-9fb3-548f-a733-68debcc73ff7\"><a href=\"http:\/\/www.elabrego.es\/web\/hembras\/anusch-v-wingerts-graben\/\"><img loading=\"lazy\" class=\"aligncenter wp-image-424 size-full\" src=\"http:\/\/www.elabrego.es\/web\/wp-content\/uploads\/2015\/09\/Anusch-v.-Wingerts-Graben.jpg\" alt=\"Anusch v. Wingerts-Graben\" width=\"300\" height=\"225\" \/><\/a>Anusch v. Wingerts-Graben<\/h4>\n<\/td>\n<td style=\"text-align: center;\">\n<h4 class=\"csColumn\" data-csstartpoint=\"487.5\" data-csendpoint=\"945\" data-cswidth=\"47.7%\" data-csid=\"a79ea5b9-4ff4-2049-9191-9dc0cb951375\"><a href=\"http:\/\/www.elabrego.es\/web\/hembras\/amaya-del-abrego\/\"><img loading=\"lazy\" class=\"size-full wp-image-423 aligncenter\" src=\"http:\/\/www.elabrego.es\/web\/wp-content\/uploads\/2015\/09\/AMAYA-DE-\u00c1BREGO1.jpg\" alt=\"AMAYA DE \u00c1BREGO\" width=\"302\" height=\"227\" srcset=\"https:\/\/www.elabrego.es\/web\/wp-content\/uploads\/2015\/09\/AMAYA-DE-\u00c1BREGO1.jpg 302w, https:\/\/www.elabrego.es\/web\/wp-content\/uploads\/2015\/09\/AMAYA-DE-\u00c1BREGO1-300x225.jpg 300w\" sizes=\"(max-width: 302px) 100vw, 302px\" \/><\/a>Amaya del \u00c1brego<\/h4>\n<\/td>\n<\/tr>\n<tr>\n<td style=\"text-align: center;\">\n<h4 class=\"csColumn\" data-csstartpoint=\"15\" data-csendpoint=\"472.5\" data-cswidth=\"47.7%\" data-csid=\"e5cd16af-2903-c3d4-994c-b1d7657f8739\"><a href=\"http:\/\/www.elabrego.es\/web\/hembras\/duna-del-abrego\/\"><img loading=\"lazy\" class=\"aligncenter wp-image-427 size-full\" src=\"http:\/\/www.elabrego.es\/web\/wp-content\/uploads\/2015\/09\/DU\u00d1A-DE-\u00c1BREGO.jpg\" alt=\"DU\u00d1A DE \u00c1BREGO\" width=\"300\" height=\"225\" \/><\/a>Du\u00f1a de \u00c1brego<\/h4>\n<\/td>\n<td style=\"text-align: center;\">\n<h4 class=\"csColumn\" data-csstartpoint=\"487.5\" data-csendpoint=\"945\" data-cswidth=\"47.7%\" data-csid=\"762b7347-9b06-8070-b475-44c7be4b98af\"><a href=\"http:\/\/www.elabrego.es\/web\/hembras\/brisa-de-torre-del-rey\/\"><img loading=\"lazy\" class=\"aligncenter wp-image-426 size-full\" src=\"http:\/\/www.elabrego.es\/web\/wp-content\/uploads\/2015\/09\/BRISA-DE-TORRE-DEL-REY.jpg\" alt=\"BRISA DE TORRE DEL REY\" width=\"304\" height=\"229\" srcset=\"https:\/\/www.elabrego.es\/web\/wp-content\/uploads\/2015\/09\/BRISA-DE-TORRE-DEL-REY.jpg 304w, https:\/\/www.elabrego.es\/web\/wp-content\/uploads\/2015\/09\/BRISA-DE-TORRE-DEL-REY-300x226.jpg 300w\" sizes=\"(max-width: 304px) 100vw, 304px\" \/><\/a>Brisa de Torre del Rey<\/h4>\n<\/td>\n<\/tr>\n<tr>\n<td style=\"text-align: center;\">\n<h4 class=\"csColumn\" data-csstartpoint=\"15\" data-csendpoint=\"472.5\" data-cswidth=\"47.7%\" data-csid=\"8c24ceea-c5ac-c597-89d6-459bbf0f5b75\"><a href=\"http:\/\/www.elabrego.es\/web\/hembras\/haya-del-abrego\/\"><img loading=\"lazy\" class=\"size-full wp-image-428 aligncenter\" src=\"http:\/\/www.elabrego.es\/web\/wp-content\/uploads\/2015\/09\/HAYA-DE-\u00c1BREGO.jpg\" alt=\"HAYA DE \u00c1BREGO\" width=\"300\" height=\"226\" \/><\/a><\/h4>\n<h4 class=\"csColumn\" data-csstartpoint=\"15\" data-csendpoint=\"472.5\" data-cswidth=\"47.7%\" data-csid=\"8c24ceea-c5ac-c597-89d6-459bbf0f5b75\">Haya de \u00c1brego<\/h4>\n<\/td>\n<td style=\"text-align: center;\">\n<h4 class=\"csColumn\" data-csstartpoint=\"487.5\" data-csendpoint=\"945\" data-cswidth=\"47.7%\" data-csid=\"fc3cd7f8-e8b0-7f59-8903-4f1149b78d6f\"><a href=\"http:\/\/www.elabrego.es\/web\/hembras\/breska-vom-salztalblick\/\"><img loading=\"lazy\" class=\"aligncenter wp-image-425 size-full\" src=\"http:\/\/www.elabrego.es\/web\/wp-content\/uploads\/2015\/09\/BRESKA-VOM-SALZTALBLICK.jpg\" alt=\"BRESKA VOM SALZTALBLICK\" width=\"304\" height=\"229\" srcset=\"https:\/\/www.elabrego.es\/web\/wp-content\/uploads\/2015\/09\/BRESKA-VOM-SALZTALBLICK.jpg 304w, https:\/\/www.elabrego.es\/web\/wp-content\/uploads\/2015\/09\/BRESKA-VOM-SALZTALBLICK-300x226.jpg 300w\" sizes=\"(max-width: 304px) 100vw, 304px\" \/><\/a><strong>Breska vom Salztalblick<\/strong><\/h4>\n<\/td>\n<\/tr>\n<tr>\n<td style=\"text-align: center;\">\n<h4><a href=\"http:\/\/www.elabrego.es\/web\/hembras\/perla-del-abrego\/\"><img loading=\"lazy\" class=\"aligncenter wp-image-429 size-full\" src=\"http:\/\/www.elabrego.es\/web\/wp-content\/uploads\/2015\/09\/PERLA-DE-\u00c1BREGO.jpg\" alt=\"PERLA DE \u00c1BREGO\" width=\"300\" height=\"226\" \/><\/a><\/h4>\n<h4>Perla de \u00c1brego<\/h4>\n<\/td>\n<td style=\"text-align: center;\">\n<h4><a href=\"http:\/\/www.elabrego.es\/web\/hembras\/jade-de-abrego\/\"><img loading=\"lazy\" class=\"aligncenter wp-image-766\" src=\"http:\/\/www.elabrego.es\/web\/wp-content\/uploads\/2015\/09\/1-1-300x200.jpg\" alt=\"\" width=\"320\" height=\"213\" srcset=\"https:\/\/www.elabrego.es\/web\/wp-content\/uploads\/2015\/09\/1-1-300x200.jpg 300w, https:\/\/www.elabrego.es\/web\/wp-content\/uploads\/2015\/09\/1-1-768x512.jpg 768w, https:\/\/www.elabrego.es\/web\/wp-content\/uploads\/2015\/09\/1-1-1024x682.jpg 1024w, https:\/\/www.elabrego.es\/web\/wp-content\/uploads\/2015\/09\/1-1-901x600.jpg 901w, https:\/\/www.elabrego.es\/web\/wp-content\/uploads\/2015\/09\/1-1.jpg 1051w\" sizes=\"(max-width: 320px) 100vw, 320px\" \/><\/a><\/h4>\n<h4>Jade de \u00c1brego<\/h4>\n<h4><\/h4>\n<\/td>\n<\/tr>\n<tr>\n<td><\/td>\n<td><\/td>\n<\/tr>\n<tr>\n<td><\/td>\n<td><\/td>\n<\/tr>\n<\/tbody>\n<\/table>\n<div class=\"csColumnGap\" style=\"margin: 0px; padding: 0px; float: left; width: 1.56%;\"><img style=\"border: none;\" src=\"http:\/\/www.elabrego.es\/web\/wp-content\/plugins\/advanced-wp-columns\/assets\/js\/plugins\/views\/img\/1x1-pixel.png\" alt=\"\" \/><\/div>\n<\/div>\n<p>&nbsp;<\/p>\n<p>&nbsp;<\/p>\n<div class=\"csRow\">\n<div class=\"csColumnGap\" style=\"margin: 0px; padding: 0px; float: left; width: 1.56%;\"><img style=\"border: none;\" src=\"http:\/\/www.elabrego.es\/web\/wp-content\/plugins\/advanced-wp-columns\/assets\/js\/plugins\/views\/img\/1x1-pixel.png\" alt=\"\" \/><\/div>\n<div class=\"csColumnGap\" style=\"margin: 0px; padding: 0px; float: left; width: 1.56%;\"><img style=\"border: none;\" src=\"http:\/\/www.elabrego.es\/web\/wp-content\/plugins\/advanced-wp-columns\/assets\/js\/plugins\/views\/img\/1x1-pixel.png\" alt=\"\" \/><\/div>\n<\/div>\n<p>&nbsp;<\/p>\n<p>&nbsp;<\/p>\n","protected":false},"excerpt":{"rendered":"<p>Anusch v. Wingerts-Graben Amaya del \u00c1brego Du\u00f1a de \u00c1brego Brisa de Torre del Rey Haya de \u00c1brego Breska vom Salztalblick Perla de \u00c1brego Jade de \u00c1brego &nbsp; &nbsp; &nbsp; &nbsp;<\/p>\n","protected":false},"author":1,"featured_media":0,"parent":0,"menu_order":0,"comment_status":"closed","ping_status":"closed","template":"","meta":[],"_links":{"self":[{"href":"https:\/\/www.elabrego.es\/web\/wp-json\/wp\/v2\/pages\/27"}],"collection":[{"href":"https:\/\/www.elabrego.es\/web\/wp-json\/wp\/v2\/pages"}],"about":[{"href":"https:\/\/www.elabrego.es\/web\/wp-json\/wp\/v2\/types\/page"}],"author":[{"embeddable":true,"href":"https:\/\/www.elabrego.es\/web\/wp-json\/wp\/v2\/users\/1"}],"replies":[{"embeddable":true,"href":"https:\/\/www.elabrego.es\/web\/wp-json\/wp\/v2\/comments?post=27"}],"version-history":[{"count":124,"href":"https:\/\/www.elabrego.es\/web\/wp-json\/wp\/v2\/pages\/27\/revisions"}],"predecessor-version":[{"id":820,"href":"https:\/\/www.elabrego.es\/web\/wp-json\/wp\/v2\/pages\/27\/revisions\/820"}],"wp:attachment":[{"href":"https:\/\/www.elabrego.es\/web\/wp-json\/wp\/v2\/media?parent=27"}],"curies":[{"name":"wp","href":"https:\/\/api.w.org\/{rel}","templated":true}]}}