{"id":18,"date":"2015-09-30T08:47:27","date_gmt":"2015-09-30T08:47:27","guid":{"rendered":"http:\/\/www.elabrego.es\/web\/?page_id=18"},"modified":"2015-10-23T08:42:56","modified_gmt":"2015-10-23T08:42:56","slug":"localizacion","status":"publish","type":"page","link":"https:\/\/www.elabrego.es\/web\/localizacion\/","title":{"rendered":"Localizaci\u00f3n"},"content":{"rendered":"<p style=\"text-align: center;\">El criadero se encuentra en la localidad de Puente San Miguel, Ayto de Reoc\u00edn.<\/p>\n<p style=\"text-align: center;\">Salida N\u00ba- 234 de la Autor\u00eda del Cant\u00e1brico A-8, direcci\u00f3n\u00a0Santander &#8211; Oviedo.<\/p>\n<p style=\"text-align: center;\">Es la primera salida despu\u00e9s de pasar la ciudad de Torrelavega.<\/p>\n<p style=\"text-align: center;\">\n<div align=\"center\"><iframe loading=\"lazy\" width=\"100%\" height=\"450\" frameborder=\"0\" scrolling=\"no\" marginheight=\"0\" marginwidth=\"0\" src=\"http:\/\/maps.google.es\/maps?f=q&amp;hl=es&amp;geocode=&amp;q=Puente+San+Miguel&amp;sll=40.380028,-3.735352&amp;sspn=15.014818,27.070313&amp;ie=UTF8&amp;ll=43.367622,-4.081936&amp;spn=0.028018,0.052872&amp;z=14&amp;output=embed&amp;s=AARTsJoM1ZFBhFZ4SVjs4l1aAF-vlVfZww\"><\/iframe><br \/><small><a href=\"http:\/\/maps.google.es\/maps?f=q&amp;hl=es&amp;geocode=&amp;q=Puente+San+Miguel&amp;sll=40.380028,-3.735352&amp;sspn=15.014818,27.070313&amp;ie=UTF8&amp;ll=43.367622,-4.081936&amp;spn=0.028018,0.052872&amp;z=14&amp;source=embed\" style=\"color:#0000FF;text-align:left\">Ver mapa m\u00e1s grande<\/a><\/small><\/div><\/p>\n","protected":false},"excerpt":{"rendered":"<p>El criadero se encuentra en la localidad de Puente San Miguel, Ayto de Reoc\u00edn. Salida N\u00ba- 234 de la Autor\u00eda del Cant\u00e1brico A-8, direcci\u00f3n\u00a0Santander &#8211; Oviedo. Es la primera salida despu\u00e9s de pasar la ciudad de Torrelavega. Ver mapa m\u00e1s grande<\/p>\n","protected":false},"author":1,"featured_media":0,"parent":0,"menu_order":0,"comment_status":"closed","ping_status":"closed","template":"","meta":[],"_links":{"self":[{"href":"https:\/\/www.elabrego.es\/web\/wp-json\/wp\/v2\/pages\/18"}],"collection":[{"href":"https:\/\/www.elabrego.es\/web\/wp-json\/wp\/v2\/pages"}],"about":[{"href":"https:\/\/www.elabrego.es\/web\/wp-json\/wp\/v2\/types\/page"}],"author":[{"embeddable":true,"href":"https:\/\/www.elabrego.es\/web\/wp-json\/wp\/v2\/users\/1"}],"replies":[{"embeddable":true,"href":"https:\/\/www.elabrego.es\/web\/wp-json\/wp\/v2\/comments?post=18"}],"version-history":[{"count":3,"href":"https:\/\/www.elabrego.es\/web\/wp-json\/wp\/v2\/pages\/18\/revisions"}],"predecessor-version":[{"id":154,"href":"https:\/\/www.elabrego.es\/web\/wp-json\/wp\/v2\/pages\/18\/revisions\/154"}],"wp:attachment":[{"href":"https:\/\/www.elabrego.es\/web\/wp-json\/wp\/v2\/media?parent=18"}],"curies":[{"name":"wp","href":"https:\/\/api.w.org\/{rel}","templated":true}]}}