{"id":119,"date":"2015-10-22T16:36:56","date_gmt":"2015-10-22T16:36:56","guid":{"rendered":"http:\/\/www.elabrego.es\/web\/?page_id=119"},"modified":"2017-02-19T21:41:34","modified_gmt":"2017-02-19T21:41:34","slug":"brisa-de-torre-del-rey","status":"publish","type":"page","link":"https:\/\/www.elabrego.es\/web\/hembras\/brisa-de-torre-del-rey\/","title":{"rendered":"Brisa de Torre del Rey"},"content":{"rendered":"<table border=\"0\" width=\"100%\" cellspacing=\"0\" cellpadding=\"0\">\n<tbody>\n<tr>\n<td>\n<p align=\"center\"><img loading=\"lazy\" src=\"http:\/\/www.elabrego.es\/web\/imagenes\/Brisa21.jpg\" alt=\"\" width=\"631\" height=\"473\" \/><\/p>\n<h3 align=\"center\"><span style=\"color: #ff6600;\"><strong>Brisa de Torre del Rey<\/strong><\/span><\/h3>\n<p align=\"center\">(Odin v Holtk\u00e4mper Hof\u00a0 X\u00a0 Rieka de\u00a0Ciudad Jard\u00edn)<\/p>\n<div>\n<p align=\"center\">WT.- 24\/06\/2006 BH, AD, ADN<\/p>\n<p align=\"center\">HD.- \u00a0\u00aba\u00bb \u00a0normal. ED.- \u00a0\u00aba\u00bb \u00a0normal<\/p>\n<p align=\"center\">&#8230;&#8230;&#8230;&#8230;&#8230;&#8230;&#8230;&#8230;&#8230;&#8230;&#8230;&#8230;&#8230;&#8230;&#8230;&#8230;&#8230;&#8230;&#8230;&#8230;&#8230;&#8230;&#8230;&#8230;&#8230;&#8230;&#8230;&#8230;&#8230;&#8230;.<\/p>\n<h3 align=\"center\"><span style=\"color: #ff6600;\"><strong>Otras fotos de Brisa<\/strong><\/span><\/h3>\n<p align=\"center\"><img loading=\"lazy\" src=\"http:\/\/www.elabrego.es\/web\/imagenes\/Brisa%202.jpg\" alt=\"\" width=\"637\" height=\"475\" border=\"0\" \/><\/p>\n<p align=\"center\"><a href=\"brisa.html\">\u00a0<\/a><\/p>\n<p align=\"center\"><img loading=\"lazy\" src=\"http:\/\/www.elabrego.es\/web\/imagenes\/Brisa%201%20copia.jpg\" alt=\"\" width=\"637\" height=\"353\" border=\"0\" \/><\/p>\n<p align=\"center\">\n<\/div>\n<div><\/div>\n<p>&nbsp;<\/p>\n<table id=\"table1\" style=\"border-collapse: collapse;\" border=\"1\" width=\"100%\" cellspacing=\"1\">\n<tbody>\n<tr>\n<td rowspan=\"4\" align=\"center\" bgcolor=\"#000000\" width=\"33%\"><span style=\"color: #ff6600;\"><b><a style=\"color: #ff6600;\" href=\"http:\/\/www.pedigreedatabase.com\/german_shepherd_dog\/dog.html?id=441841-odin-vom-holtkamper-hof\" target=\"_blank\">Odin vom Holtk\u00e4mper Hof<\/a><\/b><\/span><\/td>\n<td rowspan=\"2\" align=\"center\" bgcolor=\"#000000\" width=\"34%\"><span style=\"color: #ff6600;\"><b><a style=\"color: #ff6600;\" href=\"http:\/\/www.pedigreedatabase.com\/german_shepherd_dog\/dog.html?id=122169-yak-vom-frankengold\" target=\"_blank\">Yak vom Frankengold<\/a><\/b><\/span><\/td>\n<td align=\"center\" bgcolor=\"#000000\" width=\"34%\"><span style=\"color: #ff6600;\"><b><a style=\"color: #ff6600;\" href=\"http:\/\/www.pedigreedatabase.com\/german_shepherd_dog\/dog.html?id=120961-hoss-vom-larchenhain\" target=\"_blank\">Hoss vom L\u00e4rchenhain<\/a><\/b><\/span><\/td>\n<\/tr>\n<tr>\n<td align=\"center\" bgcolor=\"#c0c0c0\" width=\"34%\"><span style=\"color: #ff6600;\"><a style=\"font-size: 15px; font-weight: bold; color: #ff6600;\" href=\"http:\/\/www.pedigreedatabase.com\/german_shepherd_dog\/dog.html?id=26296-lea-vom-holtkamper-see\" target=\"_blank\">Lea vom Holtk\u00e4mper See<\/a><\/span><\/td>\n<\/tr>\n<tr>\n<td rowspan=\"2\" align=\"center\" bgcolor=\"#c0c0c0\" width=\"34%\"><span style=\"color: #ff6600;\"><b><a style=\"color: #ff6600;\" href=\"http:\/\/www.pedigreedatabase.com\/german_shepherd_dog\/dog.html?id=375697-riska-vom-holtkamper-see\" target=\"_blank\">Riska vom Holtk\u00e4mper See<\/a><\/b><\/span><\/td>\n<td align=\"center\" bgcolor=\"#000000\" width=\"34%\"><span style=\"color: #ff6600;\"><b><a style=\"color: #ff6600;\" href=\"http:\/\/www.pedigreedatabase.com\/german_shepherd_dog\/dog.html?id=28623-wallace-aus-agrigento\" target=\"_blank\">Wallace aus Agrigento<\/a><\/b><\/span><\/td>\n<\/tr>\n<tr>\n<td align=\"center\" bgcolor=\"#c0c0c0\" width=\"34%\"><span style=\"color: #ff6600;\"><b><a style=\"color: #ff6600;\" href=\"http:\/\/www.pedigreedatabase.com\/german_shepherd_dog\/dog.html?id=314527-wari-vom-holtkamper-see\" target=\"_blank\">Wari vom Holtk\u00e4mper See<\/a><\/b><\/span><\/td>\n<\/tr>\n<tr>\n<td rowspan=\"4\" align=\"center\" bgcolor=\"#c0c0c0\" width=\"33%\"><span style=\"color: #ff6600;\"><b><a style=\"color: #ff6600;\" href=\"http:\/\/www.pedigreedatabase.com\/german_shepherd_dog\/dog.html?id=390536-rieke-de-ciudad-jardin\" target=\"_blank\">Rieke de Ciudad Jard\u00edn<\/a><\/b><\/span><\/td>\n<td rowspan=\"2\" align=\"center\" bgcolor=\"#000000\" width=\"34%\"><span style=\"color: #ff6600;\"><b><br \/>\n<a style=\"color: #ff6600;\" href=\"http:\/\/www.pedigreedatabase.com\/german_shepherd_dog\/dog.html?id=25506-esko-vom-danischen-hof\" target=\"_blank\"> Esko vom D\u00e4nischen Hof<\/a><\/b><\/span><\/td>\n<td align=\"center\" bgcolor=\"#000000\" width=\"34%\"><span style=\"color: #ff6600;\"><b><a style=\"color: #ff6600;\" href=\"http:\/\/www.pedigreedatabase.com\/german_shepherd_dog\/dog.html?id=6314-jango-vom-furstenberg\" target=\"_blank\">Jango vom F\u00fcrstenberg<\/a><\/b><\/span><\/td>\n<\/tr>\n<tr>\n<td align=\"center\" bgcolor=\"#c0c0c0\" width=\"34%\"><span style=\"color: #ff6600;\"><b><a style=\"color: #ff6600;\" href=\"http:\/\/www.pedigreedatabase.com\/german_shepherd_dog\/dog.html?id=18369-una-von-oxsalis\" target=\"_blank\">Una von Oxsalis<\/a><\/b><\/span><\/td>\n<\/tr>\n<tr>\n<td rowspan=\"2\" align=\"center\" bgcolor=\"#c0c0c0\" width=\"34%\"><span style=\"color: #ff6600;\"><b><a style=\"color: #ff6600;\" href=\"http:\/\/www.pedigreedatabase.com\/german_shepherd_dog\/dog.html?id=91604-grace-von-der-malchower-aue\" target=\"_blank\">Grace von der Malchower Aue<\/a><\/b><\/span><\/td>\n<td align=\"center\" bgcolor=\"#000000\" width=\"34%\"><span style=\"color: #ff6600;\"><b><a style=\"color: #ff6600;\" href=\"http:\/\/www.pedigreedatabase.com\/german_shepherd_dog\/dog.html?id=4657-unko-vom-haus-zieglmayer\" target=\"_blank\">Unko vom Haus Zieglmayer<\/a><\/b><\/span><\/td>\n<\/tr>\n<tr>\n<td align=\"center\" bgcolor=\"#c0c0c0\" width=\"34%\"><span style=\"color: #ff6600;\"><b><a style=\"color: #ff6600;\" href=\"http:\/\/www.pedigreedatabase.com\/german_shepherd_dog\/dog.html?id=91600-dascha-von-der-malchower-aue\" target=\"_blank\">Dascha von der Malchower Aue<\/a><\/b><\/span><\/td>\n<\/tr>\n<\/tbody>\n<\/table>\n<p>&nbsp;<\/td>\n<\/tr>\n<\/tbody>\n<\/table>\n<p><\/p>\n","protected":false},"excerpt":{"rendered":"<p>Brisa de Torre del Rey (Odin v Holtk\u00e4mper Hof\u00a0 X\u00a0 Rieka de\u00a0Ciudad Jard\u00edn) WT.- 24\/06\/2006 BH, AD, ADN HD.- \u00a0\u00aba\u00bb \u00a0normal. ED.- \u00a0\u00aba\u00bb \u00a0normal &#8230;&#8230;&#8230;&#8230;&#8230;&#8230;&#8230;&#8230;&#8230;&#8230;&#8230;&#8230;&#8230;&#8230;&#8230;&#8230;&#8230;&#8230;&#8230;&#8230;&#8230;&#8230;&#8230;&#8230;&#8230;&#8230;&#8230;&#8230;&#8230;&#8230;. Otras fotos de Brisa \u00a0 &nbsp; Odin vom Holtk\u00e4mper Hof Yak vom Frankengold Hoss vom L\u00e4rchenhain Lea vom Holtk\u00e4mper See Riska vom Holtk\u00e4mper See Wallace aus Agrigento Wari vom Holtk\u00e4mper [&hellip;]<\/p>\n","protected":false},"author":1,"featured_media":0,"parent":27,"menu_order":0,"comment_status":"closed","ping_status":"closed","template":"","meta":[],"_links":{"self":[{"href":"https:\/\/www.elabrego.es\/web\/wp-json\/wp\/v2\/pages\/119"}],"collection":[{"href":"https:\/\/www.elabrego.es\/web\/wp-json\/wp\/v2\/pages"}],"about":[{"href":"https:\/\/www.elabrego.es\/web\/wp-json\/wp\/v2\/types\/page"}],"author":[{"embeddable":true,"href":"https:\/\/www.elabrego.es\/web\/wp-json\/wp\/v2\/users\/1"}],"replies":[{"embeddable":true,"href":"https:\/\/www.elabrego.es\/web\/wp-json\/wp\/v2\/comments?post=119"}],"version-history":[{"count":11,"href":"https:\/\/www.elabrego.es\/web\/wp-json\/wp\/v2\/pages\/119\/revisions"}],"predecessor-version":[{"id":631,"href":"https:\/\/www.elabrego.es\/web\/wp-json\/wp\/v2\/pages\/119\/revisions\/631"}],"up":[{"embeddable":true,"href":"https:\/\/www.elabrego.es\/web\/wp-json\/wp\/v2\/pages\/27"}],"wp:attachment":[{"href":"https:\/\/www.elabrego.es\/web\/wp-json\/wp\/v2\/media?parent=119"}],"curies":[{"name":"wp","href":"https:\/\/api.w.org\/{rel}","templated":true}]}}